{"id":7600,"date":"2012-01-10T11:44:59","date_gmt":"2012-01-10T16:44:59","guid":{"rendered":"http:\/\/www.eastcree.org\/cree\/?page_id=7600"},"modified":"2017-06-22T16:13:57","modified_gmt":"2017-06-22T20:13:57","slug":"le-coin-des-enseignant-e-s","status":"publish","type":"page","link":"https:\/\/www.eastcree.org\/cree\/fr\/resources\/le-coin-des-enseignant-e-s\/","title":{"rendered":"Le coin des enseignant-e-s"},"content":{"rendered":"<h1 class=\"pg-title\"><a name=\"top\"><\/a>Le coin des enseignant-e-s<\/h1>\r\n<p>Cette page a pour but d&#8217;aider les enseignants et enseignantes qui se d\u00e9placent pour enseigner dans les \u00e9coles des communaut\u00e9s de langue crie au Qu\u00e9bec. Consultez \u00e9galement le site web de la <a href=\"http:\/\/www.cscree.qc.ca\/\">Commission Scolaire Crie<\/a>.<\/p>\r\n<ul>\r\n<li><a href=\"#langue\">Ressources de langue et de grammaire<\/a><\/li>\r\n<li><a href=\"#fonts\">Polices du cri du la baie James<\/a><\/li>\r\n<li><a href=\"#Aapprendre\">Apprendre la langue crie<\/a><\/li>\r\n<li><a href=\"#Aressources\">Ressources additionelles<\/a><\/li>\r\n<\/ul>\r\n<p><a name=\"langue\"><\/a><\/p>\r\n<h3 class=\"head\">Ressources de langue et de grammaire<\/h3>\r\n<p><a href=\"\/pdf\/Structures_comparees-2012.pdf\">Structures compar\u00e9es du cri de l&#8217;est et du fran\u00e7ais<\/a>. Par Marie-Odile Junker &amp; Marguerite MacKenzie. 2012.<\/p>\r\n<p>Ce livret, t\u00e9l\u00e9chargeable gratuitement, est destin\u00e9 aux enseignant-e-s francophones et d\u00e9crit les caract\u00e9ristiques principales et les diff\u00e9rences structurelles de la langue crie par rapport au fran\u00e7ais. On y trouve des conseils pour l&#8217;enseignement bilingue cri-fran\u00e7ais.<\/p>\r\n<p>Un livret semblable pour l&#8217;anglais est disponible sur la page: <a href=\"https:\/\/www.eastcree.org\/cree\/en\/resources\/teachers-corner\/\">Teachers&#8217; corner<\/a><\/p>\r\n<p><a name=\"fonts\"><\/a><\/p>\r\n<h3 class=\"head\">Polices du cri de la baie James<\/h3>\r\n<p>Les t\u00e9l\u00e9chargements suivants sont gratuits et vous fourniront tout ce qui vous faut pour voir et taper le syllabique cri sur votre ordinateur.<\/p>\r\n<p><a href=\"\/downloads\/CreeKeysPro3-standard.exe\"><img src=\"\/img\/download.png\" alt=\" Click here to \" \/>T\u00e9l\u00e9charger l&#8217;application STANDARD pour les ordinateurs <span style=\"font-weight: bold;\">PC<\/span><\/a>, Windows 98 et plus r\u00e9cent.<\/p>\r\n<p><a href=\"\/downloads\/McCree3East.zip\"><img src=\"\/img\/download.png\" alt=\" Click here to \" \/>T\u00e9l\u00e9charger l&#8217;application STANDARD pour les ordinateurs <span style=\"font-weight: bold;\">Macintosh<\/span><\/a>, MAC OS X et plus r\u00e9cent.<\/p>\r\n<p>Pour apprendre comment faire correspondre le clavier romain au syllabique, veuillez faire r\u00e9f\u00e9rence \u00e0 la <a href=\"https:\/\/www.eastcree.org\/keyboard.html\">carte du syllabique<\/a>, et celle avec fichiers sons (<a href=\"https:\/\/www.eastcree.org\/downloads\/TalkingSyllChart.zip\">t\u00e9l\u00e9charger le fichier .zip ici<\/a>).<\/p>\r\n<p>Pour de l&#8217;aide pour installer ces polices, veuillez faire r\u00e9f\u00e9rence aux <a href=\"https:\/\/www.eastcree.org\/cree\/en\/resources\/videos\/\">vid\u00e9os<\/a>.<\/p>\r\n<p><a name=\"Aapprendre\"><\/a><\/p>\r\n<h3 class=\"head\">Apprendre la langue crie<\/h3>\r\n<p>Pour commencer, il existe un <a href=\"https:\/\/www.eastcree.org\/cree\/en\/resources\/cds\/\">CD de conversation crie avec un manuel<\/a> t\u00e9l\u00e9chargeable gratuitement.<\/p>\r\n<p>Les fichiers sons du CD sont aussi disponibles gratuitement et t\u00e9l\u00e9chargeables sur le site de l&#8217;<a href=\"http:\/\/www.atlas-ling.ca\">atlas linguistique cri-innu. <\/a> Vous pourrez y entendre et comparer les vari\u00e9t\u00e9s de cri parl\u00e9s dans les diff\u00e9rentes communaut\u00e9s au Canada. Une s\u00e9rie de fiches p\u00e9dagogiques t\u00e9l\u00e9chargeables pourraient int\u00e9resser vos classes.<\/p>\r\n<p>D&#8217;autres r\u00e9f\u00e9rences sont donn\u00e9es dans le livret &#8220;Structures compar\u00e9es du cri et du fran\u00e7ais&#8221; (voir ci-dessus).<\/p>\r\n<p><a name=\"Aressources\"><\/a><\/p>\r\n<h3 class=\"head\">Ressources additionelles<\/h3>\r\n<ul>\r\n<li>Michel, N. (1982). <span style=\"font-style: italic;\">Carnet de voyage: Le Vieux-Comptoir de la baie James.<\/span> Qu\u00e9bec, QC: Les \u00c9ditions Lem\u00e9ac, Inc.<\/li>\r\n<\/ul>\r\n<p>Pour les enseignant-e-s faisant leur premier voyage autour de la baie James, ce livre d\u00e9crit la culture crie du point de vue d&#8217;un non-autochtone en 1982.<\/p>\r\n","protected":false},"excerpt":{"rendered":"Le coin des enseignant-e-s Cette page a pour but d&#8217;aider les enseignants et enseignantes qui se d\u00e9placent pour enseigner dans les \u00e9coles des communaut\u00e9s de langue crie au Qu\u00e9bec. Consultez \u00e9galement le site web de la Commission Scolaire Crie. Ressources de langue et de grammaire Polices du cri du la baie James Apprendre la langue&#8230;  <a  class=\" btn btn-lg btn-primary \" href=\"https:\/\/www.eastcree.org\/cree\/fr\/resources\/le-coin-des-enseignant-e-s\/\">Read the full article&#8230;<\/a>","protected":false},"author":1,"featured_media":0,"parent":46,"menu_order":8,"comment_status":"closed","ping_status":"open","template":"","meta":[],"_links":{"self":[{"href":"https:\/\/www.eastcree.org\/cree\/wp-json\/wp\/v2\/pages\/7600"}],"collection":[{"href":"https:\/\/www.eastcree.org\/cree\/wp-json\/wp\/v2\/pages"}],"about":[{"href":"https:\/\/www.eastcree.org\/cree\/wp-json\/wp\/v2\/types\/page"}],"author":[{"embeddable":true,"href":"https:\/\/www.eastcree.org\/cree\/wp-json\/wp\/v2\/users\/1"}],"replies":[{"embeddable":true,"href":"https:\/\/www.eastcree.org\/cree\/wp-json\/wp\/v2\/comments?post=7600"}],"version-history":[{"count":46,"href":"https:\/\/www.eastcree.org\/cree\/wp-json\/wp\/v2\/pages\/7600\/revisions"}],"predecessor-version":[{"id":12502,"href":"https:\/\/www.eastcree.org\/cree\/wp-json\/wp\/v2\/pages\/7600\/revisions\/12502"}],"up":[{"embeddable":true,"href":"https:\/\/www.eastcree.org\/cree\/wp-json\/wp\/v2\/pages\/46"}],"wp:attachment":[{"href":"https:\/\/www.eastcree.org\/cree\/wp-json\/wp\/v2\/media?parent=7600"}],"curies":[{"name":"wp","href":"https:\/\/api.w.org\/{rel}","templated":true}]}}