{"id":275,"date":"2009-12-27T11:11:20","date_gmt":"2009-12-27T16:11:20","guid":{"rendered":"http:\/\/beta.eastcree.org\/eastcree\/?page_id=275"},"modified":"2017-07-25T12:20:10","modified_gmt":"2017-07-25T16:20:10","slug":"orders-02","status":"publish","type":"page","link":"https:\/\/www.eastcree.org\/cree\/en\/grammar\/northern-dialect\/verbs\/cree-verb-inflection\/orders\/orders-independent\/orders-02\/","title":{"rendered":"02: Independent Indicative Neutral &#8211; Subjective"},"content":{"rendered":"\n\r\n\r\n\r\n<h1 class=\"pg-title\"><a name=\"top\"><\/a>Independent Indicative Neutral &#8211; Subjective (#02)<\/h1>\r\n<table><caption>Observation<\/caption>\r\n<tbody><tr><td class=\"bjcex\">\u1403\u1525\u146d \u1427\u140b\u1431\u14ab\u1427\u140b\u166e<\/td>\r\n<td style=\"width: 18px;\"><\/td>\r\n<td class=\"crex\"><strong>ishki<\/strong> waapimaawaa.<\/td>\r\n<td class=\"gloss\">It is\/was as if she is\/was seeing him.<\/td>\r\n<\/tr><\/tbody><\/table><p>The Independent Indicative Neutral-Subjective (#02) is used to talk about dreams or appearance.<\/p>\r\n<p>The characteristic of this conjugation is that it is always preceded by the particle <span class=\"crt\">ishki<\/span>. It describes things that happen in a dream or in a dream-like state.<\/p>\r\n<p>Examples:<\/p>\r\n<table class=\"clear\"><tbody><tr class=\"bright btop bleft\" style=\"background-color: #ccc;\"><td class=\"bjcex\">\u146d\u152e\u1426 \u14ab\u1483 \u140a\u14d0 \u146f\u144e\u1483 \u140b \u1403\u14ef\u14c8\u146f\u14ef\u1466 \u1427\u140b\u148b\u14c8\u146d\u14d0 <span style=\"font-weight: bold;\">\u1403\u1525\u146d \u148b\u1427\u14c8\u1505\u146f\u14ef\u1427\u140b<\/span> \u146f\u144e\u1483 <span style=\"font-weight: bold;\">\u1403\u1525\u146d \u1431\u144e\u1427\u1473\u1505\u146f\u14ef\u1427\u140b<\/span> \u1403\u14ef\u14c8\u146f\u14ef\u1424\u166e \u140b\u1405\u1484 \u14ab\u1483 \u140a\u14d0 \u14c2\u152e\u14c2\u144e\u1427\u140b\u1431\u14ab\u146d\u14c2\u1427\u1403\u1466 \u140a\u14f5\u14a5\u14a1 \u140b \u1405\u1511\u1426\u140b\u146d\u14c2\u1405\u1427\u1403\u14a1 \u140a\u14d0 <span style=\"font-weight: bold;\">\u1403\u1525\u146d \u144e\u1426\u1427\u1473\u1505\u146f\u14ef\u1427\u140b\u1424 <\/span>\u140b \u1403\u14ef\u14c8\u146f\u14ef\u1466 \u146d\u152e\u1426 \u140a\u14c2\u152e \u140b \u1427\u1404\u1426\u1404\u1491\u1505\u146f\u1427\u1403\u1466 <span style=\"font-weight: bold;\">\u1403\u1525\u146d \u1427\u140b\u14f5\u152e\u1505\u146f\u14ef\u1427\u140b<\/span> \u140b \u1403\u14ef\u14c8\u146f\u14ef\u1466\u166e<\/td>\r\n<\/tr><tr class=\"bright btop bleft\" style=\"background-color: #ccc;\"><td><\/td>\r\n<\/tr><tr class=\"bright bleft\" style=\"background-color: #ccc;\"><td class=\"crt\">kiy\u00e2h m\u00e2k an kutik \u00e2 isin\u00e2kusit w\u00e2chin\u00e2kin <span style=\"font-weight: bold;\">ishki chinw\u00e2skusiw\u00e2<\/span> kutik <span style=\"font-weight: bold;\">ishki pitikw\u00e2skusiw\u00e2<\/span> isin\u00e2kusiu. \u00e2ukw m\u00e2k an niy\u00e2nitiw\u00e2pim\u00e2kiniwit as\u00e2mich \u00e2 ushih\u00e2kiniuwich an <span style=\"font-weight: bold;\">ishki tihkw\u00e2skusiw\u00e2u <\/span>\u00e2 isin\u00e2kusit kiy\u00e2h aniy\u00e2 \u00e2 w\u00eeh\u00eech\u00e2skuwit <span style=\"font-weight: bold;\">ishki w\u00e2s\u00e2y\u00e2skusiw\u00e2<\/span> \u00e2 isin\u00e2kusit.<\/td>\r\n<\/tr><tr class=\"bright bleft bbottom\" style=\"background-color: #ccc;\"><td style=\"font-size: x-small; text-align: right;\">(Sandy_Masty_2006-00025)<\/td>\r\n<\/tr><tr><td class=\"gloss\">Looking at the tamarack, some look tall and others look short. This is the kind of tree that you look for when making snowshoes, the one that looks short and its bark looks light.<\/td>\r\n<\/tr><\/tbody><\/table><p>\u00a0<\/p>\r\n<table class=\"clear\"><tbody><tr class=\"bright btop bleft\" style=\"background-color: #ccc;\"><td class=\"bjcex\">\u140b\u144e \u1405\u1427\u140b\u1528\u1431\u1427\u1403\u14a1, \u1403\u1528\u1456\u1424\u166e \u14c8\u1525\u14a1 \u14c2\u144e <span style=\"font-weight: bold;\">\u1403\u1525\u146d \u14ef\u148b\u152e\u1525\u146d\u1427\u140b\u1405\u148c<\/span>\u166e \u1431\u152e\u148b \u14c8\u1511\u14a1, \u1403\u1528\u1456\u1424\u166e \u140a\u1427\u1473\u1511\u14a1, \u1403\u1528\u1456\u1424, \u14c2\u14a7\u1514 \u144e\u1439\u148b\u14a7\u1426 \u14ab, \u14c2\u144e\u146f\u14a1, \u1403\u1528\u1456\u1424\u166e<\/td>\r\n<\/tr><tr class=\"bright btop bleft\" style=\"background-color: #ccc;\"><td><\/td>\r\n<\/tr><tr class=\"bright bleft\" style=\"background-color: #ccc;\"><td class=\"crt\">\u00e2ti uw\u00e2yipiwich, iyit\u00e2u. n\u00e2shch niti <span style=\"font-weight: bold;\">ishki sichiy\u00e2shkiw\u00e2wich\u00ee<\/span>. piy\u00e2chi n\u00e2shich, iyit\u00e2u. akw\u00e2shich, iyit\u00e2u, nimush\u00fb tip\u00e2chimuh m\u00e2, nitikuch, iyit\u00e2u.<\/td>\r\n<\/tr><tr class=\"bright btop bleft\" style=\"background-color: #ccc;\"><td><\/td>\r\n<\/tr><tr class=\"bright bleft bbottom\" style=\"background-color: #ccc;\"><td style=\"font-size: x-small; text-align: right;\">(CD08Track01CouncilofElders-00007)<\/td>\r\n<\/tr><tr><td class=\"gloss\">When I sat down, he said (about them). It seemed to me that they were very glad to see me. They came over to me, he said (about them). They said to me, he said (about them), Grandfather, tell a story, they said to me, he said (about them).<\/td>\r\n<\/tr><\/tbody><\/table><p>As we see in the above example, the verb form <span class=\"crt\">ishki sichiy\u00e2shkiw\u00e2wich\u00ee<\/span> ends in <span class=\"crt\">ch\u00ee<\/span>, but could also end in <span class=\"crt\">ch\u00e2<\/span>. A variation between the endings\u00a0<span class=\"crt\">ch\u00e2<\/span> and <span class=\"crt\">ch\u00ee<\/span>, and <span class=\"crt\">h\u00e2<\/span> and <span class=\"crt\">h\u00ee<\/span>\u00a0may be found in\u00a0the subjective conjugations (#02 and #06) when an obviative person (4) is involved. This variation is not represented in the Conjugation Tables.<\/p>\r\n<p>Link to <a href=\"http:\/\/verbn.eastcree.org\/?02\" target=\"_blank\">Conjugation Tables<\/a><\/p>\r\n<div id=\"cite\" style=\"z-index: 2000000; display: none; position: fixed; top: 0; right: 0; left: 0; bottom: 0;\">\r\n<div style=\"z-index: 2000000; position: fixed; background: rgba(0,0,0,0.5); top: 0; right: 0; left: 0; bottom: 0;\" onclick=\"document.getElementById('cite').style.display='none';\"><\/div>\r\n<div style=\"z-index: 5000000; position: relative; margin: 10% auto; width: 800px; min-height: 200px; max-height:600px; background-color: white; border-radius: 1em; padding: 1em 2em;\">\r\n\r\n<button class=\"closeButton close\" title=\"close\" style=\"float:right; max-height: 14px;\" onclick=\"document.getElementById('cite').style.display='none';\"><\/button>\r\n<table style=\"max-width: 100%;\"><tbody><tr><td style=\"font-weight: bold;\">APA:<\/td>\r\n<td> Junker, M.-O., Salt, L., &amp; MacKenzie, M. (2015). <span style=\"font-style: italic;\">East Cree Verbs (Northern Dialect).<\/span> [Revised and expanded from 2006 original edition] In The Interactive East Cree Reference Grammar. Retrieved from <span style=\"color: #ff0000\">[URL]<\/span><\/td>\r\n<\/tr><tr><td>\u00a0<\/td>\r\n<td>\u00a0<\/td>\r\n<\/tr><tr><td style=\"font-weight: bold;\">MLA:<\/td>\r\n<td> Marie-Odile Junker, Luci Salt and Marguerite MacKenzie. <span style=\"font-style: italic;\">East Cree Verbs (Northern Dialect).<\/span> [Revised and expanded from 2006 original edition] In The Interactive East Cree Reference Grammar. 2015. Web. <span style=\"color: #ff0000\">[date]<\/span><\/td>\r\n<\/tr><\/tbody><\/table><p style=\"font-size: 0.8em; padding-left:20px;\"> <span style=\"color: #ff0000;\">[URL]<\/span> = website address, beginning with \u201chttp:\/\/\u201d<br><span style=\"color: #ff0000;\">[Date]<\/span> = the date you accessed the page, styled as follows: 13 Dec. 2015<\/p>\r\n<\/div>\r\n<\/div>\n","protected":false},"excerpt":{"rendered":"Independent Indicative Neutral &#8211; Subjective (#02) Observation \u1403\u1525\u146d \u1427\u140b\u1431\u14ab\u1427\u140b\u166e ishki waapimaawaa. It is\/was as if she is\/was seeing him. The Independent Indicative Neutral-Subjective (#02) is used to talk about dreams or appearance. The characteristic of this conjugation is that it is always preceded by the particle ishki. It describes things that happen in a dream&#8230;  <a  class=\" btn btn-lg btn-primary \" href=\"https:\/\/www.eastcree.org\/cree\/en\/grammar\/northern-dialect\/verbs\/cree-verb-inflection\/orders\/orders-independent\/orders-02\/\">Read the full article&#8230;<\/a>","protected":false},"author":1,"featured_media":0,"parent":271,"menu_order":21,"comment_status":"closed","ping_status":"open","template":"","meta":[],"_links":{"self":[{"href":"https:\/\/www.eastcree.org\/cree\/wp-json\/wp\/v2\/pages\/275"}],"collection":[{"href":"https:\/\/www.eastcree.org\/cree\/wp-json\/wp\/v2\/pages"}],"about":[{"href":"https:\/\/www.eastcree.org\/cree\/wp-json\/wp\/v2\/types\/page"}],"author":[{"embeddable":true,"href":"https:\/\/www.eastcree.org\/cree\/wp-json\/wp\/v2\/users\/1"}],"replies":[{"embeddable":true,"href":"https:\/\/www.eastcree.org\/cree\/wp-json\/wp\/v2\/comments?post=275"}],"version-history":[{"count":29,"href":"https:\/\/www.eastcree.org\/cree\/wp-json\/wp\/v2\/pages\/275\/revisions"}],"predecessor-version":[{"id":13119,"href":"https:\/\/www.eastcree.org\/cree\/wp-json\/wp\/v2\/pages\/275\/revisions\/13119"}],"up":[{"embeddable":true,"href":"https:\/\/www.eastcree.org\/cree\/wp-json\/wp\/v2\/pages\/271"}],"wp:attachment":[{"href":"https:\/\/www.eastcree.org\/cree\/wp-json\/wp\/v2\/media?parent=275"}],"curies":[{"name":"wp","href":"https:\/\/api.w.org\/{rel}","templated":true}]}}