{"id":10475,"date":"2014-06-18T17:48:28","date_gmt":"2014-06-18T21:48:28","guid":{"rendered":"http:\/\/www.eastcree.org\/cree\/?page_id=10475"},"modified":"2025-10-22T15:10:45","modified_gmt":"2025-10-22T19:10:45","slug":"credits","status":"publish","type":"page","link":"https:\/\/www.eastcree.org\/cree\/fr\/about\/credits\/","title":{"rendered":"G\u00e9n\u00e9rique"},"content":{"rendered":"<h1><a name=\"top\"><\/a><span class=\"pg-title\">Cr\u00e9dits g\u00e9n\u00e9raux et droits d&#8217;auteur (2000-pr\u00e9sent)<\/span><\/h1>\r\nLe site Web interactif sur la langue crie de l&#8217;Est est un projet d&#8217;EastCree.Org, un partenariat \u00e0 but non lucratif entre Cree Programs (Commission scolaire crie) et la professeure Marie-Odile Junker (Universit\u00e9 Carleton). Tout le contenu est la propri\u00e9t\u00e9 de EastCree.Org et\/ou des locuteurs qui contribuent \u00e0 ce projet. Tout le contenu est prot\u00e9g\u00e9 par le droit d&#8217;auteur 2000-pr\u00e9sent eastcree.org et ne peut \u00eatre utilis\u00e9 sans l&#8217;autorisation expresse de <a href=\"mailto:web@eastcree.org\">eastcree.org<\/a>. Ce travail a \u00e9t\u00e9 partiellement financ\u00e9 par les subventions n\u00b0 435-2014-1199, n\u00b0 856-2009-0081, n\u00b0 856-2004-1028 et n\u00b0 820-2000-2013 du Conseil de recherches en sciences humaines.\r\n<p><\/p>\r\n<h3>G\u00e9n\u00e9rique du Projet<\/h3> \r\nCliquez <a href=\"https:\/\/www.eastcree.org\/cree\/en\/about\/credits\/\" rel=\"noopener\" target=\"_blank\">ICI<\/a> pour la version en anglais\r\n","protected":false},"excerpt":{"rendered":"Cr\u00e9dits g\u00e9n\u00e9raux et droits d&#8217;auteur (2000-pr\u00e9sent) Le site Web interactif sur la langue crie de l&#8217;Est est un projet d&#8217;EastCree.Org, un partenariat \u00e0 but non lucratif entre Cree Programs (Commission scolaire crie) et la professeure Marie-Odile Junker (Universit\u00e9 Carleton). Tout le contenu est la propri\u00e9t\u00e9 de EastCree.Org et\/ou des locuteurs qui contribuent \u00e0 ce projet&#8230;.  <a  class=\" btn btn-lg btn-primary \" href=\"https:\/\/www.eastcree.org\/cree\/fr\/about\/credits\/\">Read the full article&#8230;<\/a>","protected":false},"author":1,"featured_media":0,"parent":33,"menu_order":0,"comment_status":"closed","ping_status":"open","template":"","meta":[],"_links":{"self":[{"href":"https:\/\/www.eastcree.org\/cree\/wp-json\/wp\/v2\/pages\/10475"}],"collection":[{"href":"https:\/\/www.eastcree.org\/cree\/wp-json\/wp\/v2\/pages"}],"about":[{"href":"https:\/\/www.eastcree.org\/cree\/wp-json\/wp\/v2\/types\/page"}],"author":[{"embeddable":true,"href":"https:\/\/www.eastcree.org\/cree\/wp-json\/wp\/v2\/users\/1"}],"replies":[{"embeddable":true,"href":"https:\/\/www.eastcree.org\/cree\/wp-json\/wp\/v2\/comments?post=10475"}],"version-history":[{"count":9,"href":"https:\/\/www.eastcree.org\/cree\/wp-json\/wp\/v2\/pages\/10475\/revisions"}],"predecessor-version":[{"id":14490,"href":"https:\/\/www.eastcree.org\/cree\/wp-json\/wp\/v2\/pages\/10475\/revisions\/14490"}],"up":[{"embeddable":true,"href":"https:\/\/www.eastcree.org\/cree\/wp-json\/wp\/v2\/pages\/33"}],"wp:attachment":[{"href":"https:\/\/www.eastcree.org\/cree\/wp-json\/wp\/v2\/media?parent=10475"}],"curies":[{"name":"wp","href":"https:\/\/api.w.org\/{rel}","templated":true}]}}