{"id":10472,"date":"2014-06-18T18:06:18","date_gmt":"2014-06-18T22:06:18","guid":{"rendered":"http:\/\/www.eastcree.org\/cree\/?page_id=10472"},"modified":"2025-10-22T10:41:40","modified_gmt":"2025-10-22T14:41:40","slug":"web-dictionary-credits","status":"publish","type":"page","link":"https:\/\/www.eastcree.org\/cree\/fr\/about\/credits\/web-dictionary-credits\/","title":{"rendered":"G\u00e9n\u00e9rique du dictionnaire sur la toile"},"content":{"rendered":"<h1 class=\"pg-title\"><a name=\"top\"><\/a>G\u00e9n\u00e9rique du dictionnaire en-ligne<\/h1>\n<p>Le contenu du <span class=\"italics\">Dictionnaire du cri de l\u2019Est de la Baie James sur la toile<\/span> est <strong>copyright<\/strong>\u00a02004-pr\u00e9sent de la Commission scolaire crie, Qu\u00e9bec, Canada. Le dictionnaire th\u00e9matique et le contenu multim\u00e9dia sont <strong>copyright<\/strong>\u00a0de eastcree.org, sauf lorsque indiqu\u00e9 autrement (voir le g\u00e9n\u00e9rique des images et illustrations).<\/p>\n<p>&nbsp;<\/p>\n<h3 class=\"head\">Comment nous citer<\/h3>\n<p>Pour citer le dictionnaire en-ligne, choisissez votre style:<\/p>\n<div id=\"accordion\" role=\"tablist\" aria-multiselectable=\"true\">\n<div class=\"card\">\n<div id=\"headingOne\" class=\"card-header\" role=\"tab\">\n<h5 class=\"mb-0\"><a href=\"#apa-1\" data-toggle=\"collapse\" data-parent=\"#accordion\" aria-expanded=\"true\" aria-controls=\"collapseOne\">APA<\/a><\/h5>\n<\/div>\n<div id=\"apa-1\" class=\"collapse\" role=\"tabpanel\" aria-labelledby=\"headingOne\">\n<div class=\"card-block\">\n<p>Junker, Marie-Odile, Marguerite MacKenzie, Luci Bobbish-Salt, Alice Duff, Linda Visitor,Ruth Salt, Anna Blacksmith, Patricia Diamond, et Pearl Weistche. (R\u00e9ds.). (2025).\u00a0<span class=\"italics\">Dictionnaire du cri de l\u2019Est de la Baie James sur la toile\u00a0: fran\u00e7ais-cri et cri-fran\u00e7ais, anglais-cri et cri-anglais (dialectes du Sud et du Nord).\u00a0<\/span>Rep\u00e9r\u00e9 \u00e0\u00a0https:\/\/dictionary.eastcree.org\/<\/p>\n<\/div>\n<\/div>\n<\/div>\n<div class=\"card\">\n<div id=\"headingTwo\" class=\"card-header\" role=\"tab\">\n<h5 class=\"mb-0\"><a class=\"collapsed\" href=\"#mla-1\" data-toggle=\"collapse\" data-parent=\"#accordion\" aria-expanded=\"false\" aria-controls=\"collapseTwo\">MLA<\/a><\/h5>\n<\/div>\n<div id=\"mla-1\" class=\"collapse\" role=\"tabpanel\" aria-labelledby=\"headingTwo\">\n<div class=\"card-block\">Dictionnaire du cri de l\u2019Est de la Baie James sur la toile\u00a0: fran\u00e7ais-cri et cri-fran\u00e7ais, anglais-cri et cri-anglais (dialectes du Sud et du Nord).\u00a0Junker, Marie-Odile, Marguerite MacKenzie, Luci Bobbish-Salt, Alice Duff, Ruth Salt, Anna Blacksmith, Patricia Diamond, et Pearl Weistche, r\u00e9ds. Web. <span style=\"color: #ff0000;\">[Date].<\/span><\/p>\n<p style=\"font-size: 0.8em; padding-left: 20px;\"><span style=\"color: #ff0000;\">[Date]<\/span>\u00a0= la date de consultation, au style de: 13 juil. 2025<\/p>\n<\/div>\n<\/div>\n<\/div>\n<\/div>\n<p>&nbsp;<\/p>\n<p>Pour citer un mot recherch\u00e9 dans le dictionnaire en-ligne, choisissez votre style:<\/p>\n<div id=\"accordion1\" role=\"tablist\" aria-multiselectable=\"true\">\n<div class=\"card\">\n<div id=\"headingThree\" class=\"card-header\" role=\"tab\">\n<h5 class=\"mb-0\"><a href=\"#apa-2\" data-toggle=\"collapse\" data-parent=\"#accordion1\" aria-expanded=\"true\" aria-controls=\"collapseOne\">APA<\/a><\/h5>\n<\/div>\n<div id=\"apa-2\" class=\"collapse\" role=\"tabpanel\" aria-labelledby=\"headingThree\">\n<div class=\"card-block\"><span style=\"color: red;\">[Mot]<\/span>. (n.d.) Dans <span style=\"font-style: italic;\">Dictionnaire du cri de l\u2019Est de la Baie James sur la toile\u00a0: fran\u00e7ais-cri et cri-fran\u00e7ais, anglais-cri et cri-anglais (dialectes du Sud et du Nord).<\/span> Rep\u00e9r\u00e9 \u00e0\u00a0<span style=\"color: red;\">[URL]<\/span><\/p>\n<p style=\"font-size: 0.8em; padding-left: 20px;\"><span style=\"color: red;\">[Mot]<\/span> = le mot recherch\u00e9 <span style=\"color: red;\">[URL]<\/span> = l&#8217;adresse URL, commen\u00e7ant par &#8220;https:\/\/&#8221;<\/p>\n<\/div>\n<\/div>\n<\/div>\n<div class=\"card\">\n<div id=\"headingFour\" class=\"card-header\" role=\"tab\">\n<h5 class=\"mb-0\"><a class=\"collapsed\" href=\"#mla-2\" data-toggle=\"collapse\" data-parent=\"#accordion1\" aria-expanded=\"false\" aria-controls=\"collapseTwo\">MLA<\/a><\/h5>\n<\/div>\n<div id=\"mla-2\" class=\"collapse\" role=\"tabpanel\" aria-labelledby=\"headingFour\">\n<div class=\"card-block\">\n<p>&#8220;<span style=\"color: red;\">[Mot]<\/span>.&#8221; <span style=\"font-style: italic;\">Dictionnaire du cri de l\u2019Est de la Baie James sur la toile\u00a0: fran\u00e7ais-cri et cri-fran\u00e7ais, anglais-cri et cri-anglais (dialectes du Sud et du Nord).<\/span> Web. <span style=\"color: red;\">[Date]<\/span>.<\/p>\n<p style=\"font-size: 0.8em; padding-left: 20px;\"><span style=\"color: red;\">[Mot]<\/span> = le mot recherch\u00e9 <span style=\"color: red;\">[Date]<\/span> = la date de consultation: 13 juil. 2025<\/p>\n<\/div>\n<\/div>\n<\/div>\n<\/div>\n<h3 class=\"head\">\u00c9quipe de r\u00e9daction<\/h3>\n<table class=\"clear\" style=\"min-width: 500px;\">\n<tbody>\n<tr>\n<td style=\"font-weight: bold; border-bottom-style: solid; border-bottom-width: 1px; text-align: left;\" colspan=\"2\">\u00c9diteurs \/ \u00c9ditrices<\/td>\n<\/tr>\n<tr>\n<td style=\"font-weight: bold;\">Cri du nord<\/td>\n<td style=\"font-weight: bold;\">Cri du sud<\/td>\n<\/tr>\n<tr>\n<td>Luci Bobbish-Salt (2004-2012)<\/td>\n<td>Anna Blacksmith (2009-2012)<\/td>\n<\/tr>\n<tr>\n<td>Alice Duff (2008-2012)<\/td>\n<td>Patricia Diamond (2009-2012)<\/td>\n<\/tr>\n<tr>\n<td>Elsie Duff (2004-2007)<\/td>\n<td>Bill Jancewicz (2004)<\/td>\n<\/tr>\n<tr>\n<td>Bill Jancewicz (2004)<\/td>\n<td>Marie-Odile Junker (2004-2012)<\/td>\n<\/tr>\n<tr>\n<td>Marie-Odile Junker (2004-2012)<\/td>\n<td>Marguerite MacKenzie (2004-2012)<\/td>\n<\/tr>\n<tr>\n<td>Marguerite MacKenzie (2004-2012)\u00a0 \u00a0<\/td>\n<td>Daisy Moar (2004-2007)<\/td>\n<\/tr>\n<tr>\n<td>&nbsp;<\/td>\n<td>Ella Neeposh (2004)<\/td>\n<\/tr>\n<tr>\n<td>&nbsp;<\/td>\n<td>Ruth Salt (2004-2012)<\/td>\n<\/tr>\n<tr>\n<td>&nbsp;<\/td>\n<td>Pearl Weistche (2009-2012)<\/td>\n<\/tr>\n<tr>\n<td colspan=\"2\">\u00a0<\/td>\n<\/tr>\n<tr>\n<td style=\"font-weight: bold; border-bottom-style: solid; border-bottom-width: 1px; text-align: left;\" colspan=\"2\">R\u00e9dactrices-en-chef anglaises<\/td>\n<\/tr>\n<tr>\n<td>Marguerite MacKenzie (2004-2008)\u00a0 \u00a0<\/td>\n<td style=\"text-align: left;\">Marie-Odile Junker (2008-2025)<\/td>\n<\/tr>\n<tr>\n<td colspan=\"2\">\u00a0<\/td>\n<\/tr>\n<tr>\n<td style=\"font-weight: bold; border-bottom-style: solid; border-bottom-width: 1px; text-align: left;\" colspan=\"2\">\u00c9diteurs \/ \u00c9ditrices anglais-e-s<\/td>\n<\/tr>\n<tr>\n<td>Bill Jancewicz<\/td>\n<td>Marie-Odile Junker<\/td>\n<\/tr>\n<tr>\n<td>Marguerite MacKenzie<\/td>\n<td>&nbsp;<\/td>\n<\/tr>\n<tr>\n<td colspan=\"2\">\u00a0<\/td>\n<\/tr>\n<tr>\n<td style=\"font-weight: bold; border-bottom-style: solid; border-bottom-width: 1px; text-align: left;\" colspan=\"2\">R\u00e9dactrice-en-chef fran\u00e7aise<\/td>\n<\/tr>\n<tr>\n<td>Marie-Odile Junker (2004-2025)<\/td>\n<td>&nbsp;<\/td>\n<\/tr>\n<tr>\n<td colspan=\"2\">\u00a0<\/td>\n<\/tr>\n<tr>\n<td style=\"font-weight: bold; border-bottom-style: solid; border-bottom-width: 1px; text-align: left;\" colspan=\"2\">Traductrices (anglais-fran\u00e7ais)<\/td>\n<\/tr>\n<tr>\n<td>France Lafond (Dictionnaire du sud)\u00a0 \u00a0<\/td>\n<td>Marie-Odile Junker (Dictionnaire du nord)<\/td>\n<\/tr>\n<\/tbody>\n<\/table>\n<p>&nbsp;<\/p>\n<h3 class=\"head\">Banque de donn\u00e9es<\/h3>\n<table class=\"clear\" style=\"min-width: 400px; max-width: 700px;\">\n<tbody>\n<tr>\n<td style=\"font-weight: bold; border-bottom-style: solid; border-bottom-width: 1px; text-align: left;\" colspan=\"2\">Conception de la banque de donn\u00e9e et de l&#8217;interface<\/td>\n<\/tr>\n<tr>\n<td>Marie-Odile Junker &amp; Delasie Torkornoo (2007-2011)<\/td>\n<td>Radu Luchian (2004-2006)<\/td>\n<\/tr>\n<tr>\n<td colspan=\"2\">\u00a0<\/td>\n<\/tr>\n<tr>\n<td style=\"font-weight: bold; border-bottom-style: solid; border-bottom-width: 1px; text-align: left;\" colspan=\"2\">Programmation de la banque de donn\u00e9e<\/td>\n<\/tr>\n<tr>\n<td>Delasie Torkornoo (2007-2011)<\/td>\n<td>Terry Stewart (2006-2007)<\/td>\n<\/tr>\n<tr>\n<td>Fred Mailhot (2006)<\/td>\n<td>Radu Luchian (2004-2005)<\/td>\n<\/tr>\n<tr>\n<td colspan=\"2\">\u00a0<\/td>\n<\/tr>\n<tr>\n<td style=\"font-weight: bold; border-bottom-style: solid; border-bottom-width: 1px; text-align: left;\" colspan=\"2\">Cr\u00e9ation de la banque de donn\u00e9e Shoebox\/Toolbox originale<\/td>\n<\/tr>\n<tr>\n<td>Bill Jancewicz (1999-2004)<\/td>\n<\/tr>\n<tr>\n<td colspan=\"2\">\u00a0<\/td>\n<\/tr>\n<tr>\n<td colspan=\"2\">[Le d\u00e9veloppement de la banque de donn\u00e9e a \u00e9t\u00e9 financ\u00e9 par les subventions #820-2000-2013, #856-2004-1028, #856-2009-008 du Conseil de recherches en sciences humaines \u00e0 la Prof. M-O. Junker, Universit\u00e9 Carleton].<\/td>\n<\/tr>\n<\/tbody>\n<\/table>\n<p>&nbsp;<\/p>\n<h3 class=\"head\">Remerciements<\/h3>\n<table class=\"clear\" style=\"width: auto; border-spacing: 0;\">\n<tbody>\n<tr>\n<td style=\"font-weight: bold; border-bottom-style: solid; border-bottom-width: 1px; text-align: center;\" colspan=\"4\">A\u00een\u00e9s et personnes de ressources<\/td>\n<\/tr>\n<tr style=\"border-bottom: 1px solid;\">\n<td style=\"font-weight: bold; text-align: center;\" colspan=\"2\">Cri du nord<\/td>\n<td style=\"font-weight: bold; text-align: center;\" colspan=\"2\">Cri du sud<\/td>\n<\/tr>\n<tr>\n<td style=\"font-style: italic;\">Chisasibi<\/td>\n<td>Margaret Bearskin<\/td>\n<td style=\"font-style: italic;\">Eastmain<\/td>\n<td>Florrie Mark-Stewart<\/td>\n<\/tr>\n<tr>\n<td>&nbsp;<\/td>\n<td>Samuel Bearskin<\/td>\n<td style=\"font-style: italic;\">Mistissini<\/td>\n<td>Boyce Blacksmith<\/td>\n<\/tr>\n<tr>\n<td>&nbsp;<\/td>\n<td>Harry Duff<\/td>\n<td>&nbsp;<\/td>\n<td>Evadney Blacksmith<\/td>\n<\/tr>\n<tr>\n<td>&nbsp;<\/td>\n<td>Bobby Neacappo<\/td>\n<td>&nbsp;<\/td>\n<td>Lauri Petawabano<\/td>\n<\/tr>\n<tr>\n<td>&nbsp;<\/td>\n<td>Edith Sam<\/td>\n<td>&nbsp;<\/td>\n<td>Smalley Petawabano<\/td>\n<\/tr>\n<tr>\n<td>&nbsp;<\/td>\n<td>Harry Scipio<\/td>\n<td style=\"font-style: italic;\">Waskaganish\u00a0 \u00a0<\/td>\n<td>Louise Diamond<\/td>\n<\/tr>\n<tr>\n<td>&nbsp;<\/td>\n<td>Maria Scipio<\/td>\n<td>&nbsp;<\/td>\n<td>Josephine Diamond<\/td>\n<\/tr>\n<tr>\n<td>&nbsp;<\/td>\n<td>Georgie Snowboy<\/td>\n<td>&nbsp;<\/td>\n<td>Patricia Diamond<\/td>\n<\/tr>\n<tr>\n<td style=\"font-style: italic;\">Wemindji<\/td>\n<td>Mary B. Georgekish<\/td>\n<td>&nbsp;<\/td>\n<td>the late Rupert Erless<\/td>\n<\/tr>\n<tr>\n<td style=\"font-style: italic;\">Whapmagoostui\u00a0 \u00a0<\/td>\n<td>James Kawapit<\/td>\n<td>&nbsp;<\/td>\n<td>Elizabeth Jolly<\/td>\n<\/tr>\n<tr>\n<td>&nbsp;<\/td>\n<td>Andrew Natachequon<\/td>\n<td>&nbsp;<\/td>\n<td>Edwin Jolly<\/td>\n<\/tr>\n<tr>\n<td>&nbsp;<\/td>\n<td>Maggie Natachequon<\/td>\n<td>&nbsp;<\/td>\n<td>Jimmy Moart<\/td>\n<\/tr>\n<tr>\n<td>&nbsp;<\/td>\n<td>&nbsp;<\/td>\n<td>&nbsp;<\/td>\n<td>Alec Weistche<\/td>\n<\/tr>\n<tr>\n<td>&nbsp;<\/td>\n<td>&nbsp;<\/td>\n<td>&nbsp;<\/td>\n<td>Sanders Weistche<\/td>\n<\/tr>\n<tr>\n<td>&nbsp;<\/td>\n<td>&nbsp;<\/td>\n<td>&nbsp;<\/td>\n<td>Johnny Whiskeychan<\/td>\n<\/tr>\n<tr>\n<td>&nbsp;<\/td>\n<td>&nbsp;<\/td>\n<td style=\"font-style: italic;\">Waswanapi<\/td>\n<td>Emily Cooper<\/td>\n<\/tr>\n<\/tbody>\n<\/table>\n","protected":false},"excerpt":{"rendered":"<p>G\u00e9n\u00e9rique du dictionnaire en-ligne Le contenu du Dictionnaire du cri de l\u2019Est de la Baie James sur la toile est copyright\u00a02004-pr\u00e9sent de la Commission scolaire crie, Qu\u00e9bec, Canada. Le dictionnaire th\u00e9matique et le contenu multim\u00e9dia sont copyright\u00a0de eastcree.org, sauf lorsque indiqu\u00e9 autrement (voir le g\u00e9n\u00e9rique des images et illustrations). &nbsp; Comment nous citer Pour citer&#8230;  <a  class=\" btn btn-lg btn-primary \" href=\"https:\/\/www.eastcree.org\/cree\/fr\/about\/credits\/web-dictionary-credits\/\">Read the full article&#8230;<\/a><\/p>\n","protected":false},"author":1,"featured_media":0,"parent":10475,"menu_order":0,"comment_status":"closed","ping_status":"open","template":"","meta":[],"_links":{"self":[{"href":"https:\/\/www.eastcree.org\/cree\/wp-json\/wp\/v2\/pages\/10472"}],"collection":[{"href":"https:\/\/www.eastcree.org\/cree\/wp-json\/wp\/v2\/pages"}],"about":[{"href":"https:\/\/www.eastcree.org\/cree\/wp-json\/wp\/v2\/types\/page"}],"author":[{"embeddable":true,"href":"https:\/\/www.eastcree.org\/cree\/wp-json\/wp\/v2\/users\/1"}],"replies":[{"embeddable":true,"href":"https:\/\/www.eastcree.org\/cree\/wp-json\/wp\/v2\/comments?post=10472"}],"version-history":[{"count":35,"href":"https:\/\/www.eastcree.org\/cree\/wp-json\/wp\/v2\/pages\/10472\/revisions"}],"predecessor-version":[{"id":14471,"href":"https:\/\/www.eastcree.org\/cree\/wp-json\/wp\/v2\/pages\/10472\/revisions\/14471"}],"up":[{"embeddable":true,"href":"https:\/\/www.eastcree.org\/cree\/wp-json\/wp\/v2\/pages\/10475"}],"wp:attachment":[{"href":"https:\/\/www.eastcree.org\/cree\/wp-json\/wp\/v2\/media?parent=10472"}],"curies":[{"name":"wp","href":"https:\/\/api.w.org\/{rel}","templated":true}]}}